{"id":12,"date":"2018-11-09T15:08:06","date_gmt":"2018-11-09T14:08:06","guid":{"rendered":"http:\/\/plural.software\/?page_id=12"},"modified":"2020-06-09T14:10:04","modified_gmt":"2020-06-09T12:10:04","slug":"domain","status":"publish","type":"page","link":"https:\/\/plural.software\/en\/domain\/","title":{"rendered":"Domain"},"content":{"rendered":"\n<div class=\"wp-block-group has-very-light-gray-color has-text-color has-background\" style=\"background-color:#2b2b2b\"><div class=\"wp-block-group__inner-container\">\n<div class=\"wp-block-group innerwpblock\"><div class=\"wp-block-group__inner-container\">\n<div class=\"wp-block-columns has-background has-text-color has-very-light-gray-color\" style=\"background-color:#2b2b2b\">\n<div class=\"wp-block-column\">\n<h2 class=\"has-text-align-center\"><span style=\"color:#ffffff\" class=\"has-inline-color\">Kostenloser DNS Server<\/span><\/h2>\n\n\n\n<div style=\"height:25px\" aria-hidden=\"true\" class=\"wp-block-spacer\"><\/div>\n\n\n\n<p class=\"has-text-align-center\">Verwalten Sie Ihre Domainrecords auf unseren hochverf\u00fcgbaren kostenlosen DNS Servern.<\/p>\n<\/div>\n\n\n\n<div class=\"wp-block-column\">\n<h2 class=\"has-text-align-center\"><span style=\"color:#ffffff\" class=\"has-inline-color\">G\u00fcnstige Domains<\/span><\/h2>\n\n\n\n<div style=\"height:25px\" aria-hidden=\"true\" class=\"wp-block-spacer\"><\/div>\n\n\n\n<p class=\"has-text-align-center\">Schweizweit die besten Preise f\u00fcr weltweit verf\u00fcgbare Domains inklusive Truh\u00e4nder Option.<\/p>\n<\/div>\n\n\n\n<div class=\"wp-block-column\">\n<h2 class=\"has-text-align-center\"><span style=\"color:#ffffff\" class=\"has-inline-color\">Bequem bezahlen<\/span><\/h2>\n\n\n\n<div style=\"height:25px\" aria-hidden=\"true\" class=\"wp-block-spacer\"><\/div>\n\n\n\n<p class=\"has-text-align-center\">Bezahlen Sie via Rechnung, Paypal, Stripe, Vorkasse oder \u00fcber ein andere verf\u00fcgbare Zahlungsoption.<\/p>\n<\/div>\n<\/div>\n\n\n\n<div style=\"height:100px\" aria-hidden=\"true\" class=\"wp-block-spacer\"><\/div>\n<\/div><\/div>\n<\/div><\/div>\n\n\n\n<p><\/p>\n","protected":false},"excerpt":{"rendered":"","protected":false},"author":1,"featured_media":0,"parent":0,"menu_order":0,"comment_status":"closed","ping_status":"closed","template":"page-domain.php","meta":[],"_links":{"self":[{"href":"https:\/\/plural.software\/en\/wp-json\/wp\/v2\/pages\/12"}],"collection":[{"href":"https:\/\/plural.software\/en\/wp-json\/wp\/v2\/pages"}],"about":[{"href":"https:\/\/plural.software\/en\/wp-json\/wp\/v2\/types\/page"}],"author":[{"embeddable":true,"href":"https:\/\/plural.software\/en\/wp-json\/wp\/v2\/users\/1"}],"replies":[{"embeddable":true,"href":"https:\/\/plural.software\/en\/wp-json\/wp\/v2\/comments?post=12"}],"version-history":[{"count":14,"href":"https:\/\/plural.software\/en\/wp-json\/wp\/v2\/pages\/12\/revisions"}],"predecessor-version":[{"id":3947,"href":"https:\/\/plural.software\/en\/wp-json\/wp\/v2\/pages\/12\/revisions\/3947"}],"wp:attachment":[{"href":"https:\/\/plural.software\/en\/wp-json\/wp\/v2\/media?parent=12"}],"curies":[{"name":"wp","href":"https:\/\/api.w.org\/{rel}","templated":true}]}}