{"id":33,"date":"2018-11-13T12:41:35","date_gmt":"2018-11-13T11:41:35","guid":{"rendered":"http:\/\/plural.software\/?page_id=33"},"modified":"2020-06-24T11:25:09","modified_gmt":"2020-06-24T09:25:09","slug":"transfer","status":"publish","type":"page","link":"https:\/\/plural.software\/en\/domain\/transfer\/","title":{"rendered":"Domaintransfer"},"content":{"rendered":"\n<h1>Domaintransfer<\/h1>\n\n\n\n<h2>Domaintransfer zu plural.software<\/h2>\n\n\n\n<div style=\"height:30px\" aria-hidden=\"true\" class=\"wp-block-spacer\"><\/div>\n\n\n\n<p>Um Ihre Domain die derzeit noch bei einem anderen Domainanbieter liegt zu plural.software zu transferieren k\u00f6nnen Sie nachstehendes Formular ausf\u00fcllen. Um das Formular auszuf\u00fcllen ben\u00f6tigen Sie einen sogenannten Auth-Code. Dieser erhalten Sie bei Ihrem bisherigen Domainanbieter auf Anfrage oder in Ihrem Domain-Management-Tool. Gerne helfen wir Ihnen mit Ihrem Umzug weiter. <a href=\"https:\/\/plural.software\/support\/\">Kontaktieren Sie uns!<\/a><\/p>\n\n\n<form id=\"transfer_form\" action=\"\" method=\"post\">\n    <div class=\"row\">\n        <div class=\"col-md-6\">\n        <label for=\"transferform_domains\">Domains:<\/label>\n            <textarea id=\"transferform_domains\" class=\"transferthis_domain\"><\/textarea>\n        <\/div>\n        <div class=\"col-md-6\">\n            <label for=\"transferform_auth\">Auth-Codes:<\/label>\n            <textarea  id=\"transferform_auth\" class=\"transferthis_auth\"><\/textarea>\n        <\/div>\n        <abbr>F\u00fcgen Sie pro Zeile jeweils eine Domain in das linke Textfeld und den zugeh\u00f6rigen Authcode \n        in das rechte Feld auf die gleiche Zeile ein.<\/abbr>\n    <\/div>\n    <\/form>\n    \n\n\n\n<div style=\"height:60px\" aria-hidden=\"true\" class=\"wp-block-spacer\"><\/div>\n\n\n\n<h2>Domaintransfer von plural.software zu anderem Anbieter<\/h2>\n\n\n\n<div style=\"height:30px\" aria-hidden=\"true\" class=\"wp-block-spacer\"><\/div>\n\n\n\n<p>Um Ihre Domain von plural.software zu einem anderen Domainanbieter zu transferieren m\u00fcssen Sie sich einloggen. In Ihrem Domainportfolio kann ein Auth-Code generiert werden, welcher an Ihre hinterlegte E-Mailadresse versendet wird. Der generierte Auth-Code bleibt f\u00fcr 30 Tage g\u00fcltig und wird nach Ablauf der Frist wieder deaktiviert damit keine missbr\u00e4uchliche Aktion durchgef\u00fchrt werden kann.<\/p>\n\n\n\n<div style=\"height:100px\" aria-hidden=\"true\" class=\"wp-block-spacer\"><\/div>\n","protected":false},"excerpt":{"rendered":"<p>Domaintransfer Domaintransfer zu plural.software Um Ihre Domain die derzeit noch bei einem anderen Domainanbieter liegt zu plural.software zu transferieren k\u00f6nnen Sie nachstehendes Formular ausf\u00fcllen. Um das Formular auszuf\u00fcllen ben\u00f6tigen Sie einen sogenannten Auth-Code. Dieser erhalten Sie bei Ihrem bisherigen Domainanbieter auf Anfrage oder in Ihrem Domain-Management-Tool. Gerne helfen wir Ihnen mit Ihrem Umzug weiter. Kontaktieren [&hellip;]<\/p>\n","protected":false},"author":1,"featured_media":0,"parent":12,"menu_order":0,"comment_status":"closed","ping_status":"closed","template":"","meta":[],"_links":{"self":[{"href":"https:\/\/plural.software\/en\/wp-json\/wp\/v2\/pages\/33"}],"collection":[{"href":"https:\/\/plural.software\/en\/wp-json\/wp\/v2\/pages"}],"about":[{"href":"https:\/\/plural.software\/en\/wp-json\/wp\/v2\/types\/page"}],"author":[{"embeddable":true,"href":"https:\/\/plural.software\/en\/wp-json\/wp\/v2\/users\/1"}],"replies":[{"embeddable":true,"href":"https:\/\/plural.software\/en\/wp-json\/wp\/v2\/comments?post=33"}],"version-history":[{"count":11,"href":"https:\/\/plural.software\/en\/wp-json\/wp\/v2\/pages\/33\/revisions"}],"predecessor-version":[{"id":4028,"href":"https:\/\/plural.software\/en\/wp-json\/wp\/v2\/pages\/33\/revisions\/4028"}],"up":[{"embeddable":true,"href":"https:\/\/plural.software\/en\/wp-json\/wp\/v2\/pages\/12"}],"wp:attachment":[{"href":"https:\/\/plural.software\/en\/wp-json\/wp\/v2\/media?parent=33"}],"curies":[{"name":"wp","href":"https:\/\/api.w.org\/{rel}","templated":true}]}}